{"id":5,"date":"2020-03-04T05:54:45","date_gmt":"2020-03-04T04:54:45","guid":{"rendered":"http:\/\/www.casefunerare.com\/web\/?page_id=5"},"modified":"2020-05-28T20:23:00","modified_gmt":"2020-05-28T17:23:00","slug":"homepage","status":"publish","type":"page","link":"https:\/\/www.casefunerare.com\/web\/","title":{"rendered":"Home"},"content":{"rendered":"\r\n<p>O companie format\u0103 din Oameni care sunt \u00eentotdeauna aproape de ceilal\u021bi \u00een momentele dureroase din via\u021ba lor.<\/p>\r\n<p>Cei dragi care ne-au fost \u00eentotdeauna aproape, merit\u0103 respect \u0219i o \u00eenmorm\u00e2ntare demn\u0103 ca expresie a c\u0103ldurii familiei \u0219i a iubirii ve\u0219nice.<\/p>\r\n<p class=\"western\"><strong>Tradi\u0163ie<\/strong><\/p>\r\n<p class=\"western\">Pompele funerare Birsan reprezint\u0103 fiabilitatea \u0219i profesionalismul \u00een domeniul onorurilor funerare din Videle \u0219i se ocup\u0103 de serviciile funerare de peste 35 de ani, cultiv\u00e2nd, cu mare pasiune, o rela\u021bie str\u00e2ns\u0103 cu clientul \u00eentr-o atmosfer\u0103 familiar\u0103, tipic\u0103 unei activitati transmis\u0103 din genera\u021bie \u00een genera\u021bie.<\/p>\r\n<p class=\"western\">Casa funerara Birsan a fost fondat\u0103 la Videle \u00een 1985 de Petrescu Petria continuata de fiica Mirela iar din 2005 continuata de George care sub \u00eendrumarea mamei sale la numai 21 de ani, a decis s\u0103-\u0219i \u00eenceap\u0103 propria agen\u021bie, consolid\u00e2nd leg\u0103tura puternic\u0103 dintre tradi\u021bie \u0219i familie<\/p>\r\n<p class=\"western\">UMANITATE, SERIOZITATE \u0219i PROFESIONALISM, acestea sunt principiile corporative pe care se bazeaz\u0103 \u00eentreaga afacere a lui George Birsan care adopt\u0103 astfel o atitudine care vizeaz\u0103 umanizarea unui sector at\u00e2t de delicat. Misiunea Onorurilor Funerare Birsan se bazeaz\u0103, de fapt, pe umanitate \u0219i respectul pentru durerea celor care se confrunt\u0103 cu un moment at\u00e2t de delicat \u00een via\u021ba lor, precum pierderea unei persoane dragi.<\/p>\r\n<p class=\"western\"><strong>Competenta si Profenionalism<\/strong><\/p>\r\n<p class=\"western\">Casa funerara este situata in Videle \u2013 Teleorman, ofera servicii funerare impecabile si un personal calificat care sta la dispozitia complecta pentru toti cei care se bazeaza pe experienta si profesionalismul nostru.<\/p>\r\n<p class=\"western\">Casa funerara este deschisa zi si noapte 365de zile pe an .<\/p>\r\n<p class=\"western\">In urma apelului clientului, personalul nostru va lucra rapid pentru organizarea inmormintarii.<br \/>Cu confidentialitae si atentie la detalii, va oferi toate informatiile necesare pentru a va ghida in organizarea inmormintarii, ajutinduva pas cu pas in gestionarea tuturor serviciilor funerare.<\/p>\r\n<p class=\"western\">Aproape de durerea ta, iti garantam un ghid sigur in alegerea tipului de inmormintare, transparenta maxima si numeroase alte serviciipe care poti decide sa le folosesti.<\/p>\r\n<p class=\"western\">Pentru orice fel de informatii si cereri de oferte, nu ezita sa ne contactati, personalul nostru va fi la dispozitia dvs.completa pentru a va raspunde cordial la intrebarile dvs.<\/p>\r\n","protected":false},"excerpt":{"rendered":"<p>O companie format\u0103 din Oameni care sunt \u00eentotdeauna aproape de ceilal\u021bi \u00een momentele dureroase din via\u021ba lor. Cei dragi care&hellip;<\/p>\n","protected":false},"author":1,"featured_media":0,"parent":0,"menu_order":0,"comment_status":"closed","ping_status":"closed","template":"","meta":{"footnotes":""},"yoast_head":"<!-- This site is optimized with the Yoast SEO plugin v24.5 - https:\/\/yoast.com\/wordpress\/plugins\/seo\/ -->\n<title>Home - Casa Funerara Birsan<\/title>\n<meta name=\"robots\" content=\"index, follow, max-snippet:-1, max-image-preview:large, max-video-preview:-1\" \/>\n<link rel=\"canonical\" href=\"https:\/\/www.casefunerare.com\/web\/\" \/>\n<meta property=\"og:locale\" content=\"it_IT\" \/>\n<meta property=\"og:type\" content=\"article\" \/>\n<meta property=\"og:title\" content=\"Home - Casa Funerara Birsan\" \/>\n<meta property=\"og:description\" content=\"O companie format\u0103 din Oameni care sunt \u00eentotdeauna aproape de ceilal\u021bi \u00een momentele dureroase din via\u021ba lor. Cei dragi care&hellip;\" \/>\n<meta property=\"og:url\" content=\"https:\/\/www.casefunerare.com\/web\/\" \/>\n<meta property=\"og:site_name\" content=\"Casa Funerara Birsan\" \/>\n<meta property=\"article:modified_time\" content=\"2020-05-28T17:23:00+00:00\" \/>\n<meta name=\"twitter:card\" content=\"summary_large_image\" \/>\n<meta name=\"twitter:label1\" content=\"Tempo di lettura stimato\" \/>\n\t<meta name=\"twitter:data1\" content=\"2 minuti\" \/>\n<script type=\"application\/ld+json\" class=\"yoast-schema-graph\">{\"@context\":\"https:\/\/schema.org\",\"@graph\":[{\"@type\":\"WebPage\",\"@id\":\"https:\/\/www.casefunerare.com\/web\/\",\"url\":\"https:\/\/www.casefunerare.com\/web\/\",\"name\":\"Home - Casa Funerara Birsan\",\"isPartOf\":{\"@id\":\"https:\/\/www.casefunerare.com\/web\/#website\"},\"datePublished\":\"2020-03-04T04:54:45+00:00\",\"dateModified\":\"2020-05-28T17:23:00+00:00\",\"breadcrumb\":{\"@id\":\"https:\/\/www.casefunerare.com\/web\/#breadcrumb\"},\"inLanguage\":\"it-IT\",\"potentialAction\":[{\"@type\":\"ReadAction\",\"target\":[\"https:\/\/www.casefunerare.com\/web\/\"]}]},{\"@type\":\"BreadcrumbList\",\"@id\":\"https:\/\/www.casefunerare.com\/web\/#breadcrumb\",\"itemListElement\":[{\"@type\":\"ListItem\",\"position\":1,\"name\":\"Home\",\"item\":\"https:\/\/www.casefunerare.com\/web\/\"},{\"@type\":\"ListItem\",\"position\":2,\"name\":\"Home\"}]},{\"@type\":\"WebSite\",\"@id\":\"https:\/\/www.casefunerare.com\/web\/#website\",\"url\":\"https:\/\/www.casefunerare.com\/web\/\",\"name\":\"Casa Funerara Birsan\",\"description\":\"    Servicii Funerare - Florarie - Videle\",\"potentialAction\":[{\"@type\":\"SearchAction\",\"target\":{\"@type\":\"EntryPoint\",\"urlTemplate\":\"https:\/\/www.casefunerare.com\/web\/?s={search_term_string}\"},\"query-input\":{\"@type\":\"PropertyValueSpecification\",\"valueRequired\":true,\"valueName\":\"search_term_string\"}}],\"inLanguage\":\"it-IT\"}]}<\/script>\n<!-- \/ Yoast SEO plugin. -->","yoast_head_json":{"title":"Home - Casa Funerara Birsan","robots":{"index":"index","follow":"follow","max-snippet":"max-snippet:-1","max-image-preview":"max-image-preview:large","max-video-preview":"max-video-preview:-1"},"canonical":"https:\/\/www.casefunerare.com\/web\/","og_locale":"it_IT","og_type":"article","og_title":"Home - Casa Funerara Birsan","og_description":"O companie format\u0103 din Oameni care sunt \u00eentotdeauna aproape de ceilal\u021bi \u00een momentele dureroase din via\u021ba lor. Cei dragi care&hellip;","og_url":"https:\/\/www.casefunerare.com\/web\/","og_site_name":"Casa Funerara Birsan","article_modified_time":"2020-05-28T17:23:00+00:00","twitter_card":"summary_large_image","twitter_misc":{"Tempo di lettura stimato":"2 minuti"},"schema":{"@context":"https:\/\/schema.org","@graph":[{"@type":"WebPage","@id":"https:\/\/www.casefunerare.com\/web\/","url":"https:\/\/www.casefunerare.com\/web\/","name":"Home - Casa Funerara Birsan","isPartOf":{"@id":"https:\/\/www.casefunerare.com\/web\/#website"},"datePublished":"2020-03-04T04:54:45+00:00","dateModified":"2020-05-28T17:23:00+00:00","breadcrumb":{"@id":"https:\/\/www.casefunerare.com\/web\/#breadcrumb"},"inLanguage":"it-IT","potentialAction":[{"@type":"ReadAction","target":["https:\/\/www.casefunerare.com\/web\/"]}]},{"@type":"BreadcrumbList","@id":"https:\/\/www.casefunerare.com\/web\/#breadcrumb","itemListElement":[{"@type":"ListItem","position":1,"name":"Home","item":"https:\/\/www.casefunerare.com\/web\/"},{"@type":"ListItem","position":2,"name":"Home"}]},{"@type":"WebSite","@id":"https:\/\/www.casefunerare.com\/web\/#website","url":"https:\/\/www.casefunerare.com\/web\/","name":"Casa Funerara Birsan","description":"    Servicii Funerare - Florarie - Videle","potentialAction":[{"@type":"SearchAction","target":{"@type":"EntryPoint","urlTemplate":"https:\/\/www.casefunerare.com\/web\/?s={search_term_string}"},"query-input":{"@type":"PropertyValueSpecification","valueRequired":true,"valueName":"search_term_string"}}],"inLanguage":"it-IT"}]}},"_links":{"self":[{"href":"https:\/\/www.casefunerare.com\/web\/wp-json\/wp\/v2\/pages\/5"}],"collection":[{"href":"https:\/\/www.casefunerare.com\/web\/wp-json\/wp\/v2\/pages"}],"about":[{"href":"https:\/\/www.casefunerare.com\/web\/wp-json\/wp\/v2\/types\/page"}],"author":[{"embeddable":true,"href":"https:\/\/www.casefunerare.com\/web\/wp-json\/wp\/v2\/users\/1"}],"replies":[{"embeddable":true,"href":"https:\/\/www.casefunerare.com\/web\/wp-json\/wp\/v2\/comments?post=5"}],"version-history":[{"count":17,"href":"https:\/\/www.casefunerare.com\/web\/wp-json\/wp\/v2\/pages\/5\/revisions"}],"predecessor-version":[{"id":307,"href":"https:\/\/www.casefunerare.com\/web\/wp-json\/wp\/v2\/pages\/5\/revisions\/307"}],"wp:attachment":[{"href":"https:\/\/www.casefunerare.com\/web\/wp-json\/wp\/v2\/media?parent=5"}],"curies":[{"name":"wp","href":"https:\/\/api.w.org\/{rel}","templated":true}]}}